{"id":4398,"date":"2019-12-07T15:10:39","date_gmt":"2019-12-07T15:10:39","guid":{"rendered":"https:\/\/meble-koza.pl\/nowa\/?page_id=4398"},"modified":"2023-10-29T06:40:08","modified_gmt":"2023-10-29T06:40:08","slug":"jakosc","status":"publish","type":"page","link":"https:\/\/meble-koza.pl\/nowa\/jakosc\/","title":{"rendered":"Jako\u015b\u0107"},"content":{"rendered":"<p><b>Zachodzi pytanie dlaczego przy tak du\u017cym nasyceniu rynku, klienci decyduj\u0105 si\u0119 na nasze meble?<\/b><\/p>\n<p>Na odpowied\u017a sk\u0142ada si\u0119 kilka czynnik\u00f3w. Nasze meble wyprodukowane s\u0105 solidnie, zgodnie ze sztuk\u0105 stolarsk\u0105. Produkty s\u0105 trwa\u0142e, ergonomiczne, a przede wszystkim \u0142adne. Dodatkowo przy przeznaczeniu przemys\u0142owym, mog\u0105 by\u0107 zabezpieczane pow\u0142ok\u0105 pvc przed wilgoci\u0105. Przy produkcji wykorzystujemy akcesoria i okucia sprawdzonych i renomowanych firm takich jak: FGV, BLUM, HETTICH, REJS, GAMET czy NOMET.<br \/>\nWszystie te czynniki sk\u0142adaj\u0105 si\u0119, i\u017c produkujemy meble \u0142adne i solidne, po rozs\u0105dnych cenach, tak aby urzeczywistni\u0107 cel naszej firmy &#8230;<i><b>&#8222;Tw\u00f3j wymiar, nasze meble&#8221;<\/b><\/i><\/p>\n<p><img loading=\"lazy\" decoding=\"async\" src=\"https:\/\/meble-koza.pl\/nowa\/wp-content\/uploads\/2019\/12\/nomet.jpg\" alt=\"\" class=\"alignnone size-full wp-image-4396\" width=\"44\" height=\"60\"> <img loading=\"lazy\" decoding=\"async\" src=\"https:\/\/meble-koza.pl\/nowa\/wp-content\/uploads\/2019\/12\/rejs.gif\" alt=\"\" class=\"alignnone  wp-image-4397\" width=\"156\" height=\"40\"> <img loading=\"lazy\" decoding=\"async\" src=\"https:\/\/meble-koza.pl\/nowa\/wp-content\/uploads\/2019\/12\/hettich.gif\" alt=\"\" class=\"alignnone size-full wp-image-4395\" width=\"167\" height=\"42\"> <img loading=\"lazy\" decoding=\"async\" src=\"https:\/\/meble-koza.pl\/nowa\/wp-content\/uploads\/2019\/12\/gamet.jpg\" alt=\"\" class=\"alignnone  wp-image-4393\" width=\"141\" height=\"55\"> <img loading=\"lazy\" decoding=\"async\" src=\"https:\/\/meble-koza.pl\/nowa\/wp-content\/uploads\/2019\/12\/blum.gif\" alt=\"\" class=\"alignnone  wp-image-4392\" width=\"212\" height=\"53\"><\/p>\n","protected":false},"excerpt":{"rendered":"<p>Zachodzi pytanie dlaczego przy tak du\u017cym nasyceniu rynku, klienci decyduj\u0105 si\u0119 na nasze meble? Na odpowied\u017a sk\u0142ada si\u0119 kilka czynnik\u00f3w. Nasze meble wyprodukowane s\u0105 solidnie, zgodnie ze sztuk\u0105 stolarsk\u0105. Produkty s\u0105 trwa\u0142e, ergonomiczne, a przede wszystkim \u0142adne. Dodatkowo przy przeznaczeniu przemys\u0142owym, mog\u0105 by\u0107 zabezpieczane pow\u0142ok\u0105 pvc przed wilgoci\u0105. Przy produkcji [&hellip;]<\/p>\n","protected":false},"author":1,"featured_media":4359,"parent":0,"menu_order":0,"comment_status":"closed","ping_status":"closed","template":"","meta":{"ngg_post_thumbnail":0,"_themeisle_gutenberg_block_has_review":false,"footnotes":""},"class_list":["post-4398","page","type-page","status-publish","has-post-thumbnail","hentry"],"_links":{"self":[{"href":"https:\/\/meble-koza.pl\/nowa\/wp-json\/wp\/v2\/pages\/4398","targetHints":{"allow":["GET"]}}],"collection":[{"href":"https:\/\/meble-koza.pl\/nowa\/wp-json\/wp\/v2\/pages"}],"about":[{"href":"https:\/\/meble-koza.pl\/nowa\/wp-json\/wp\/v2\/types\/page"}],"author":[{"embeddable":true,"href":"https:\/\/meble-koza.pl\/nowa\/wp-json\/wp\/v2\/users\/1"}],"replies":[{"embeddable":true,"href":"https:\/\/meble-koza.pl\/nowa\/wp-json\/wp\/v2\/comments?post=4398"}],"version-history":[{"count":4,"href":"https:\/\/meble-koza.pl\/nowa\/wp-json\/wp\/v2\/pages\/4398\/revisions"}],"predecessor-version":[{"id":5561,"href":"https:\/\/meble-koza.pl\/nowa\/wp-json\/wp\/v2\/pages\/4398\/revisions\/5561"}],"wp:featuredmedia":[{"embeddable":true,"href":"https:\/\/meble-koza.pl\/nowa\/wp-json\/wp\/v2\/media\/4359"}],"wp:attachment":[{"href":"https:\/\/meble-koza.pl\/nowa\/wp-json\/wp\/v2\/media?parent=4398"}],"curies":[{"name":"wp","href":"https:\/\/api.w.org\/{rel}","templated":true}]}}