{"id":4410,"date":"2019-12-07T15:15:42","date_gmt":"2019-12-07T15:15:42","guid":{"rendered":"https:\/\/meble-koza.pl\/nowa\/?page_id=4410"},"modified":"2019-12-07T15:26:04","modified_gmt":"2019-12-07T15:26:04","slug":"kontakt","status":"publish","type":"page","link":"https:\/\/meble-koza.pl\/nowa\/kontakt\/","title":{"rendered":"Kontakt"},"content":{"rendered":"<h10><img loading=\"lazy\" decoding=\"async\" src=\"https:\/\/meble-koza.pl\/nowa\/wp-content\/uploads\/2019\/12\/222-300x217.jpg\" alt=\"\" class=\" wp-image-4411 alignright\" width=\"357\" height=\"258\"><\/h10><strong><i><h10> <\/h10><\/i><\/strong><\/p>\n<p><strong>Zawsze mamy czas, je\u015bli macie Pa\u0144stwo pytania<\/strong><\/p>\n<p>Zak\u0142ad Stolarski Koza<br \/>\nul. Ko\u015bcielna 3<br \/>\n42-282 Widz\u00f3w<br \/>\ntel. 691-713-755<br \/>\n<a href=\"mailto:info@meble-koza.pl\">info@meble-koza.pl<\/a><\/p>\n<p>&nbsp;<\/p>\n<p><iframe loading=\"lazy\" scrolling=\"no\" marginheight=\"0\" marginwidth=\"0\" src=\"https:\/\/maps.google.pl\/maps?f=q&amp;source=s_q&amp;hl=pl&amp;geocode=&amp;q=42-282+Widz%C3%B3w&amp;aq=&amp;sll=51.015483,19.360657&amp;sspn=1.050573,2.705383&amp;ie=UTF8&amp;hq=&amp;hnear=42-282+Widz%C3%B3w,+cz%C4%99stochowski,+%C5%9Bl%C4%85skie&amp;t=m&amp;ll=50.977237,19.384432&amp;spn=0.029723,0.072098&amp;z=14&amp;iwloc=lyrftr:lmq:1002:ul.+ko%C5%9Bcielna+3,17912002611776768582,50.971346,19.384775&amp;output=embed\" width=\"1200\" height=\"550\" frameborder=\"0\"><\/iframe><br \/>\n<small><a href=\"https:\/\/maps.google.pl\/maps?f=q&amp;source=embed&amp;hl=pl&amp;geocode=&amp;q=42-282+Widz%C3%B3w&amp;aq=&amp;sll=51.015483,19.360657&amp;sspn=1.050573,2.705383&amp;ie=UTF8&amp;hq=&amp;hnear=42-282+Widz%C3%B3w,+cz%C4%99stochowski,+%C5%9Bl%C4%85skie&amp;t=m&amp;ll=50.977237,19.384432&amp;spn=0.029723,0.072098&amp;z=14&amp;iwloc=lyrftr:lmq:1002:ul.+ko%C5%9Bcielna+3,17912002611776768582,50.971346,19.384775\" style=\"color: #0000ff; text-align: left;\"><\/a><br \/>\n&nbsp;<br \/>\n<strong>Zostaw nam wiadomo\u015b\u0107<\/strong><br \/>\n<div class=\"wpforms-container wpforms-container-full\" id=\"wpforms-4289\"><form id=\"wpforms-form-4289\" class=\"wpforms-validate wpforms-form wpforms-ajax-form\" data-formid=\"4289\" method=\"post\" enctype=\"multipart\/form-data\" action=\"\/nowa\/wp-json\/wp\/v2\/pages\/4410\" data-token=\"7d884e37449cc7bf5f732fbb00f368cd\" data-token-time=\"1776760290\"><noscript class=\"wpforms-error-noscript\">Aby wype\u0142ni\u0107 ten formularz, w\u0142\u0105cz obs\u0142ug\u0119 JavaScript w przegl\u0105darce.<\/noscript><div class=\"wpforms-field-container\"><div id=\"wpforms-4289-field_0-container\" class=\"wpforms-field wpforms-field-name wpforms-one-half wpforms-first\" data-field-id=\"0\"><label class=\"wpforms-field-label wpforms-label-hide\" for=\"wpforms-4289-field_0\">Imi\u0119 i nazwisko <span class=\"wpforms-required-label\">*<\/span><\/label><input type=\"text\" id=\"wpforms-4289-field_0\" class=\"wpforms-field-large wpforms-field-required\" name=\"wpforms[fields][0]\" placeholder=\"Imi\u0119 i nazwisko\" required><\/div><div id=\"wpforms-4289-field_3-container\" class=\"wpforms-field wpforms-field-email wpforms-one-half\" data-field-id=\"3\"><label class=\"wpforms-field-label wpforms-label-hide\" for=\"wpforms-4289-field_3\">Email <span class=\"wpforms-required-label\">*<\/span><\/label><input type=\"email\" id=\"wpforms-4289-field_3\" class=\"wpforms-field-large wpforms-field-required\" name=\"wpforms[fields][3]\" placeholder=\"Tw\u00f3j Email\" spellcheck=\"false\" required><\/div><div id=\"wpforms-4289-field_4-container\" class=\"wpforms-field wpforms-field-text\" data-field-id=\"4\"><label class=\"wpforms-field-label wpforms-label-hide\" for=\"wpforms-4289-field_4\">Temat<\/label><input type=\"text\" id=\"wpforms-4289-field_4\" class=\"wpforms-field-large\" name=\"wpforms[fields][4]\" placeholder=\"Temat\" ><\/div><div id=\"wpforms-4289-field_2-container\" class=\"wpforms-field wpforms-field-textarea\" data-field-id=\"2\"><label class=\"wpforms-field-label wpforms-label-hide\" for=\"wpforms-4289-field_2\">Message <span class=\"wpforms-required-label\">*<\/span><\/label><textarea id=\"wpforms-4289-field_2\" class=\"wpforms-field-medium wpforms-field-required\" name=\"wpforms[fields][2]\" placeholder=\"Wiadomo\u015b\u0107\" required><\/textarea><\/div><div id=\"wpforms-4289-field_7-container\" class=\"wpforms-field wpforms-field-checkbox\" data-field-id=\"7\"><ul id=\"wpforms-4289-field_7\" class=\"wpforms-field-required\"><li class=\"choice-1 depth-1\"><input type=\"checkbox\" id=\"wpforms-4289-field_7_1\" name=\"wpforms[fields][7][]\" value=\"Wys\u0142anie wiadomo\u015bci jest r\u00f3wnoznaczne z przyj\u0119ciem do wiadomo\u015bci i akceptacj\u0105 Klauzuli informacyjnej RODO. Pe\u0142ny tekst dost\u0119pny w zak\u0142adce polityka prywatno\u015bci.\" required ><label class=\"wpforms-field-label-inline\" for=\"wpforms-4289-field_7_1\">Wys\u0142anie wiadomo\u015bci jest r\u00f3wnoznaczne z przyj\u0119ciem do wiadomo\u015bci i akceptacj\u0105 Klauzuli informacyjnej RODO. Pe\u0142ny tekst dost\u0119pny w zak\u0142adce polityka prywatno\u015bci.<\/label><\/li><\/ul><\/div><\/div><!-- .wpforms-field-container --><div class=\"wpforms-field wpforms-field-hp\"><label for=\"wpforms-4289-field-hp\" class=\"wpforms-field-label\">Phone<\/label><input type=\"text\" name=\"wpforms[hp]\" id=\"wpforms-4289-field-hp\" class=\"wpforms-field-medium\"><\/div><div class=\"wpforms-submit-container\" ><input type=\"hidden\" name=\"wpforms[id]\" value=\"4289\"><input type=\"hidden\" name=\"page_title\" value=\"\"><input type=\"hidden\" name=\"page_url\" value=\"https:\/\/meble-koza.pl\/nowa\/wp-json\/wp\/v2\/pages\/4410\"><input type=\"hidden\" name=\"url_referer\" value=\"\"><button type=\"submit\" name=\"wpforms[submit]\" id=\"wpforms-submit-4289\" class=\"wpforms-submit\" data-alt-text=\"Wysy\u0142am...\" data-submit-text=\"Wy\u015blij wiadomo\u015b\u0107\" aria-live=\"assertive\" value=\"wpforms-submit\">Wy\u015blij wiadomo\u015b\u0107<\/button><img loading=\"lazy\" decoding=\"async\" src=\"https:\/\/meble-koza.pl\/nowa\/wp-content\/plugins\/wpforms-lite\/assets\/images\/submit-spin.svg\" class=\"wpforms-submit-spinner\" style=\"display: none;\" width=\"26\" height=\"26\" alt=\"Wczytywanie\"><\/div><\/form><\/div>  <!-- .wpforms-container --><\/a><\/small><\/p>\n<p>&nbsp;<\/p>\n","protected":false},"excerpt":{"rendered":"<p>Zawsze mamy czas, je\u015bli macie Pa\u0144stwo pytania Zak\u0142ad Stolarski Koza ul. Ko\u015bcielna 3 42-282 Widz\u00f3w tel. 691-713-755 info@meble-koza.pl &nbsp; &nbsp; Zostaw nam wiadomo\u015b\u0107 &nbsp;<\/p>\n","protected":false},"author":1,"featured_media":4416,"parent":0,"menu_order":0,"comment_status":"closed","ping_status":"closed","template":"","meta":{"ngg_post_thumbnail":0,"_themeisle_gutenberg_block_has_review":false,"footnotes":""},"class_list":["post-4410","page","type-page","status-publish","has-post-thumbnail","hentry"],"_links":{"self":[{"href":"https:\/\/meble-koza.pl\/nowa\/wp-json\/wp\/v2\/pages\/4410","targetHints":{"allow":["GET"]}}],"collection":[{"href":"https:\/\/meble-koza.pl\/nowa\/wp-json\/wp\/v2\/pages"}],"about":[{"href":"https:\/\/meble-koza.pl\/nowa\/wp-json\/wp\/v2\/types\/page"}],"author":[{"embeddable":true,"href":"https:\/\/meble-koza.pl\/nowa\/wp-json\/wp\/v2\/users\/1"}],"replies":[{"embeddable":true,"href":"https:\/\/meble-koza.pl\/nowa\/wp-json\/wp\/v2\/comments?post=4410"}],"version-history":[{"count":10,"href":"https:\/\/meble-koza.pl\/nowa\/wp-json\/wp\/v2\/pages\/4410\/revisions"}],"predecessor-version":[{"id":4425,"href":"https:\/\/meble-koza.pl\/nowa\/wp-json\/wp\/v2\/pages\/4410\/revisions\/4425"}],"wp:featuredmedia":[{"embeddable":true,"href":"https:\/\/meble-koza.pl\/nowa\/wp-json\/wp\/v2\/media\/4416"}],"wp:attachment":[{"href":"https:\/\/meble-koza.pl\/nowa\/wp-json\/wp\/v2\/media?parent=4410"}],"curies":[{"name":"wp","href":"https:\/\/api.w.org\/{rel}","templated":true}]}}