{"id":4643,"date":"2019-12-07T16:20:24","date_gmt":"2019-12-07T16:20:24","guid":{"rendered":"https:\/\/meble-koza.pl\/nowa\/?page_id=4643"},"modified":"2020-01-24T07:51:25","modified_gmt":"2020-01-24T07:51:25","slug":"meble-do-lazienki","status":"publish","type":"page","link":"https:\/\/meble-koza.pl\/nowa\/meble-do-lazienki\/","title":{"rendered":"Meble do \u0142azienki"},"content":{"rendered":"<h10><\/h10>Poni\u017cej <span>zdj\u0119cia naszych realizacji mebli do \u0142azienki:<\/span><\/p>\nngg_shortcode_0_placeholder\n","protected":false},"excerpt":{"rendered":"<p>Poni\u017cej zdj\u0119cia naszych realizacji mebli do \u0142azienki:<\/p>\n","protected":false},"author":1,"featured_media":4986,"parent":0,"menu_order":0,"comment_status":"closed","ping_status":"closed","template":"","meta":{"ngg_post_thumbnail":0,"_themeisle_gutenberg_block_has_review":false,"footnotes":""},"class_list":["post-4643","page","type-page","status-publish","has-post-thumbnail","hentry"],"_links":{"self":[{"href":"https:\/\/meble-koza.pl\/nowa\/wp-json\/wp\/v2\/pages\/4643","targetHints":{"allow":["GET"]}}],"collection":[{"href":"https:\/\/meble-koza.pl\/nowa\/wp-json\/wp\/v2\/pages"}],"about":[{"href":"https:\/\/meble-koza.pl\/nowa\/wp-json\/wp\/v2\/types\/page"}],"author":[{"embeddable":true,"href":"https:\/\/meble-koza.pl\/nowa\/wp-json\/wp\/v2\/users\/1"}],"replies":[{"embeddable":true,"href":"https:\/\/meble-koza.pl\/nowa\/wp-json\/wp\/v2\/comments?post=4643"}],"version-history":[{"count":5,"href":"https:\/\/meble-koza.pl\/nowa\/wp-json\/wp\/v2\/pages\/4643\/revisions"}],"predecessor-version":[{"id":5547,"href":"https:\/\/meble-koza.pl\/nowa\/wp-json\/wp\/v2\/pages\/4643\/revisions\/5547"}],"wp:featuredmedia":[{"embeddable":true,"href":"https:\/\/meble-koza.pl\/nowa\/wp-json\/wp\/v2\/media\/4986"}],"wp:attachment":[{"href":"https:\/\/meble-koza.pl\/nowa\/wp-json\/wp\/v2\/media?parent=4643"}],"curies":[{"name":"wp","href":"https:\/\/api.w.org\/{rel}","templated":true}]}}